{"id":177,"date":"2026-03-09T07:41:40","date_gmt":"2026-03-09T07:41:40","guid":{"rendered":"https:\/\/balcony.digital\/?page_id=177"},"modified":"2026-03-10T14:16:35","modified_gmt":"2026-03-10T14:16:35","slug":"balkon-hakkinda","status":"publish","type":"page","link":"https:\/\/balcony.digital\/index.php\/balkon-hakkinda\/","title":{"rendered":"Balkon Hakk\u0131nda"},"content":{"rendered":"\n<figure class=\"wp-block-image aligncenter size-large\"><img loading=\"lazy\" decoding=\"async\" width=\"1024\" height=\"444\" src=\"https:\/\/balcony.digital\/wp-content\/uploads\/2026\/03\/IMG_20200424_122415-1-1024x444.jpg\" alt=\"\" class=\"wp-image-179\" srcset=\"https:\/\/balcony.digital\/wp-content\/uploads\/2026\/03\/IMG_20200424_122415-1-1024x444.jpg 1024w, https:\/\/balcony.digital\/wp-content\/uploads\/2026\/03\/IMG_20200424_122415-1-300x130.jpg 300w, https:\/\/balcony.digital\/wp-content\/uploads\/2026\/03\/IMG_20200424_122415-1-768x333.jpg 768w, https:\/\/balcony.digital\/wp-content\/uploads\/2026\/03\/IMG_20200424_122415-1-1536x666.jpg 1536w, https:\/\/balcony.digital\/wp-content\/uploads\/2026\/03\/IMG_20200424_122415-1.jpg 1920w\" sizes=\"auto, (max-width: 1024px) 100vw, 1024px\" \/><\/figure>\n\n\n\n<blockquote class=\"wp-block-quote is-layout-flow wp-block-quote-is-layout-flow\">\n<p class=\"has-palette-color-7-color has-text-color has-link-color wp-elements-e56ccdcef9a8261851fe0caf96ad771d\"><strong>&#8220;\u015eehir Uyurken, Evren Uyan\u0131r.&#8221;<\/strong><\/p>\n\n\n\n<p class=\"has-palette-color-7-color has-text-color has-link-color wp-elements-3f965fa472787a0fc05d5a9875233446\">Kar\u015f\u0131yaka\u2019n\u0131n kalbinde, her gece sessiz bir g\u00f6zlem ger\u00e7ekle\u015fiyor. T\u00fcrk bayra\u011f\u0131m\u0131z\u0131n nazl\u0131 dalgalan\u0131\u015f\u0131 alt\u0131nda, \u015fehir \u0131\u015f\u0131klar\u0131n\u0131n g\u00fcr\u00fclt\u00fcs\u00fcne inat, milyonlarca \u0131\u015f\u0131k y\u0131l\u0131 uzaktan gelen f\u0131s\u0131lt\u0131lar\u0131 dinliyoruz. Buras\u0131 sadece bir balkon de\u011fil; \u0130zmir\u2019in betonlar\u0131 aras\u0131ndan galaksinin derinliklerine uzanan bir sonsuzluk k\u00f6pr\u00fcs\u00fc.<\/p>\n\n\n\n<p class=\"has-palette-color-7-color has-text-color has-link-color wp-elements-b1a170bbbd19ea6d27864a50d609806b\">Bir teleskobun ucunda, sab\u0131rla ve tutkuyla \u00f6r\u00fclen bir hikaye. Her gece, g\u00f6ky\u00fcz\u00fcn\u00fcn en s\u00f6n\u00fck hayaletlerini \u2014\u00f6lmekte olan y\u0131ld\u0131zlar\u0131n mavi \u00e7\u0131\u011fl\u0131klar\u0131n\u0131 (WR 6) ve kadim patlamalar\u0131n enkazlar\u0131n\u0131 (M1)\u2014 Kar\u015f\u0131yaka semalar\u0131na davet ediyoruz. Bizim i\u00e7in \u0131\u015f\u0131k kirlili\u011fi bir engel de\u011fil, azmimizin parlad\u0131\u011f\u0131 bir fondur. \u00c7\u00fcnk\u00fc biliyoruz ki; y\u0131ld\u0131zlar, onlar\u0131 en \u00e7ok \u00f6zleyenlerin balkonuna misafir olur.<\/p>\n<\/blockquote>\n\n\n\n<blockquote class=\"wp-block-quote is-layout-flow wp-block-quote-is-layout-flow\">\n<p class=\"has-palette-color-7-color has-text-color has-link-color wp-elements-1a6ad3d39dcfc1e46c213d66a829cee3\"><strong>&#8220;While the City Sleeps, the Universe Awakes.&#8221;<\/strong><\/p>\n\n\n\n<p class=\"has-palette-color-7-color has-text-color has-link-color wp-elements-ecd391eb937a5dff950387152481d6ed\">In the heart of Kar\u015f\u0131yaka, a silent observation takes place every night. Beneath the gentle sway of our flag, defying the clamor of city lights, we listen to whispers traveling from millions of light-years away. This is more than a balcony; it is a bridge of infinity stretching from the concrete of Izmir to the depths of the galaxy.<\/p>\n\n\n\n<p class=\"has-palette-color-7-color has-text-color has-link-color wp-elements-5dbb70307308b7e7c5be11e2eb5d1408\"> A story woven with patience and passion at the edge of a lens. Every night, we invite the faintest ghosts of the sky \u2014the blue cries of dying stars (WR 6) and the remnants of ancient explosions (M1)\u2014 to the skies of Kar\u015f\u0131yaka. To us, light pollution is not an obstacle, but a backdrop against which our determination shines. For we know; the stars visit the balconies of those who miss them most.<\/p>\n<\/blockquote>\n\n\n\n<figure class=\"wp-block-image aligncenter size-large\"><img loading=\"lazy\" decoding=\"async\" width=\"1024\" height=\"384\" src=\"https:\/\/balcony.digital\/wp-content\/uploads\/2026\/03\/20240523_235317-2-1024x384.jpg\" alt=\"\" class=\"wp-image-193\" srcset=\"https:\/\/balcony.digital\/wp-content\/uploads\/2026\/03\/20240523_235317-2-1024x384.jpg 1024w, https:\/\/balcony.digital\/wp-content\/uploads\/2026\/03\/20240523_235317-2-300x113.jpg 300w, https:\/\/balcony.digital\/wp-content\/uploads\/2026\/03\/20240523_235317-2-768x288.jpg 768w, https:\/\/balcony.digital\/wp-content\/uploads\/2026\/03\/20240523_235317-2-1536x576.jpg 1536w, https:\/\/balcony.digital\/wp-content\/uploads\/2026\/03\/20240523_235317-2.jpg 1920w\" sizes=\"auto, (max-width: 1024px) 100vw, 1024px\" \/><\/figure>\n\n\n\n<figure class=\"wp-block-image aligncenter size-large\"><img loading=\"lazy\" decoding=\"async\" width=\"768\" height=\"1024\" src=\"https:\/\/balcony.digital\/wp-content\/uploads\/2026\/03\/20240421_114819-2-768x1024.jpg\" alt=\"\" class=\"wp-image-195\" srcset=\"https:\/\/balcony.digital\/wp-content\/uploads\/2026\/03\/20240421_114819-2-768x1024.jpg 768w, https:\/\/balcony.digital\/wp-content\/uploads\/2026\/03\/20240421_114819-2-225x300.jpg 225w, https:\/\/balcony.digital\/wp-content\/uploads\/2026\/03\/20240421_114819-2-1152x1536.jpg 1152w, https:\/\/balcony.digital\/wp-content\/uploads\/2026\/03\/20240421_114819-2-1536x2048.jpg 1536w, https:\/\/balcony.digital\/wp-content\/uploads\/2026\/03\/20240421_114819-2.jpg 1920w\" sizes=\"auto, (max-width: 768px) 100vw, 768px\" \/><\/figure>\n\n\n\n<p class=\"has-palette-color-7-color has-text-color has-link-color wp-elements-70779479bd5b72fa30d79bce474012bc\"><strong>&#8220;Yani, \u00f6ylesine ciddiye alacaks\u0131n ki ya\u015famay\u0131,<\/strong> <strong>70 ya\u015f\u0131nda bile, mesela, zeytin dikeceksin.&#8221;<\/strong><\/p>\n\n\n\n<p class=\"has-palette-color-7-color has-text-color has-link-color wp-elements-6377efd6dea804e87f79a3b77f99ca24\">Geceleri, bu teleskobun so\u011fuk demirine yaslan\u0131p, milyonlarca \u0131\u015f\u0131k y\u0131l\u0131 uzaktaki \u00f6l\u00fc y\u0131ld\u0131zlar\u0131 selaml\u0131yoruz. \u015eehir \u0131\u015f\u0131klar\u0131na inat, bayra\u011f\u0131m\u0131z\u0131n nazl\u0131 dalgalan\u0131\u015f\u0131 alt\u0131nda, kainat\u0131n en uzak k\u00f6\u015felerini balkonumuza misafir ediyoruz.<\/p>\n\n\n\n<p class=\"has-palette-color-7-color has-text-color has-link-color wp-elements-edc5e5e19001c1534cf586b832db4163\">Ama sabah olup da g\u00fcne\u015f Kar\u015f\u0131yaka\u2019n\u0131n \u00fczerine do\u011funca, el kadar bir kumru konuyor saks\u0131n\u0131n kenar\u0131na. \u0130\u015fte o an anl\u0131yoruz ki dostum; uza\u011f\u0131 g\u00f6rmek h\u00fcnerdir ama yan\u0131 ba\u015f\u0131ndaki a\u00e7l\u0131\u011f\u0131 doyurmakt\u0131r insanl\u0131k. Bir nebulan\u0131n \u0131\u015f\u0131\u011f\u0131n\u0131 toplamak bir tutkudur, ama bir ku\u015fun \u00fcrkek kalbine r\u0131z\u0131k olmak as\u0131l zaferdir.<\/p>\n\n\n\n<p class=\"has-palette-color-7-color has-text-color has-link-color wp-elements-c6b9bf14033b103c9813622a3dc1bf55\">Biz bu balkonda sadece y\u0131ld\u0131zlar\u0131 de\u011fil, merhameti ve hayat\u0131n o p\u0131r\u0131l p\u0131r\u0131l sevdas\u0131n\u0131 biriktiriyoruz.<\/p>\n\n\n\n<p class=\"has-palette-color-7-color has-text-color has-link-color wp-elements-05d55618920fb83c4d9123ad9396733a\"><strong>\u201cWhile the City Sleeps, the Universe Awakes.\u201d<\/strong><\/p>\n\n\n\n<p class=\"has-palette-color-7-color has-text-color has-link-color wp-elements-09d05b487ac239735ea50a52968d14a6\">In the heart of Kar\u015f\u0131yaka, a silent observation takes place every night. Beneath the gentle sway of our flag, defying the clamor of city lights, we listen to whispers traveling from millions of light-years away. This is more than a balcony; it is a bridge of infinity stretching from the concrete of Izmir to the depths of the galaxy.<\/p>\n\n\n\n<p class=\"has-palette-color-7-color has-text-color has-link-color wp-elements-a5dd461acc8bcee37b09ae513d13897c\">A story woven with patience and passion at the edge of a lens. Every night, we invite the faintest ghosts of the sky \u2014the blue cries of dying stars and the remnants of ancient explosions \u2014 to the skies of Kar\u015f\u0131yaka. To us, light pollution is not an obstacle, but a backdrop against which our determination shines. For we know; the stars visit the balconies of those who miss them most.<\/p>\n\n\n\n<p class=\"has-palette-color-7-color has-text-color has-link-color wp-elements-c18679b356bd818cd7c00cf19139ec3f\"><\/p>\n\n\n\n<p class=\"has-black-background-color has-background\"><\/p>\n","protected":false},"excerpt":{"rendered":"<p>&#8220;\u015eehir Uyurken, Evren Uyan\u0131r.&#8221; Kar\u015f\u0131yaka\u2019n\u0131n kalbinde, her gece sessiz bir g\u00f6zlem ger\u00e7ekle\u015fiyor. T\u00fcrk bayra\u011f\u0131m\u0131z\u0131n nazl\u0131 dalgalan\u0131\u015f\u0131 alt\u0131nda, \u015fehir \u0131\u015f\u0131klar\u0131n\u0131n g\u00fcr\u00fclt\u00fcs\u00fcne inat, milyonlarca \u0131\u015f\u0131k y\u0131l\u0131 uzaktan gelen f\u0131s\u0131lt\u0131lar\u0131 dinliyoruz. Buras\u0131 sadece bir balkon de\u011fil; \u0130zmir\u2019in betonlar\u0131 aras\u0131ndan galaksinin derinliklerine uzanan bir sonsuzluk k\u00f6pr\u00fcs\u00fc. Bir teleskobun ucunda, sab\u0131rla ve tutkuyla \u00f6r\u00fclen bir hikaye. Her gece, g\u00f6ky\u00fcz\u00fcn\u00fcn en [&hellip;]<\/p>\n","protected":false},"author":1,"featured_media":0,"parent":0,"menu_order":0,"comment_status":"closed","ping_status":"closed","template":"","meta":{"footnotes":""},"class_list":["post-177","page","type-page","status-publish","hentry"],"blocksy_meta":[],"_links":{"self":[{"href":"https:\/\/balcony.digital\/index.php\/wp-json\/wp\/v2\/pages\/177","targetHints":{"allow":["GET"]}}],"collection":[{"href":"https:\/\/balcony.digital\/index.php\/wp-json\/wp\/v2\/pages"}],"about":[{"href":"https:\/\/balcony.digital\/index.php\/wp-json\/wp\/v2\/types\/page"}],"author":[{"embeddable":true,"href":"https:\/\/balcony.digital\/index.php\/wp-json\/wp\/v2\/users\/1"}],"replies":[{"embeddable":true,"href":"https:\/\/balcony.digital\/index.php\/wp-json\/wp\/v2\/comments?post=177"}],"version-history":[{"count":8,"href":"https:\/\/balcony.digital\/index.php\/wp-json\/wp\/v2\/pages\/177\/revisions"}],"predecessor-version":[{"id":406,"href":"https:\/\/balcony.digital\/index.php\/wp-json\/wp\/v2\/pages\/177\/revisions\/406"}],"wp:attachment":[{"href":"https:\/\/balcony.digital\/index.php\/wp-json\/wp\/v2\/media?parent=177"}],"curies":[{"name":"wp","href":"https:\/\/api.w.org\/{rel}","templated":true}]}}