{"id":402,"date":"2026-03-10T14:08:52","date_gmt":"2026-03-10T14:08:52","guid":{"rendered":"https:\/\/balcony.digital\/?page_id=402"},"modified":"2026-03-10T14:08:53","modified_gmt":"2026-03-10T14:08:53","slug":"toolkit","status":"publish","type":"page","link":"https:\/\/balcony.digital\/index.php\/toolkit\/","title":{"rendered":"Toolkit"},"content":{"rendered":"\n<ul class=\"wp-block-list has-white-color has-text-color has-link-color wp-elements-83f0fb2ba75fd5678eefe4844057d82c\">\n<li class=\"has-palette-color-7-color has-text-color has-link-color wp-elements-e489c07058b571e956d2f2bf4d473f4f\">1. Siril (Deep Sky Processing)<\/li>\n\n\n\n<li class=\"has-palette-color-7-color has-text-color has-link-color wp-elements-4a958cd503fcf7fe5e2c8cd937a3337d\">EAA ve derin uzay foto\u011fraf\u00e7\u0131l\u0131\u011f\u0131 i\u00e7in en g\u00fc\u00e7l\u00fc \u00fccretsiz ara\u00e7t\u0131r. Seestar S50&#8217;den gelen FITS dosyalar\u0131n\u0131 kalibre etmek ve istiflemek (stacking) i\u00e7in rakipsizdir.<\/li>\n\n\n\n<li><strong>Kullan\u0131m:<\/strong> G\u00f6r\u00fcnt\u00fc i\u015fleme, renk kalibrasyonu ve arka plan d\u00fczeltme.<\/li>\n\n\n\n<li class=\"has-luminous-vivid-amber-color has-text-color has-link-color wp-elements-2d4da5b2017c216f6522ecf64a67db37\">\ud83d\udc49 <a href=\"https:\/\/siril.org\/download\/\" target=\"_blank\" rel=\"noreferrer noopener\">Siril \u0130ndir<\/a><\/li>\n<\/ul>\n\n\n\n<ul class=\"wp-block-list has-white-color has-text-color has-link-color wp-elements-5008cd20c4a70e3396cca4b6caa16dff\">\n<li>2. DeepSkyStacker (DSS)<\/li>\n\n\n\n<li>Y\u0131llar\u0131n eskitemedi\u011fi, kullan\u0131m\u0131 en basit ve etkili istifleme yaz\u0131l\u0131m\u0131. Karma\u015f\u0131k ayarlarla u\u011fra\u015fmadan binlerce kareyi birle\u015ftirmek istiyorsan\u0131z idealdir.<\/li>\n\n\n\n<li><strong>Kullan\u0131m:<\/strong> Birden fazla kareyi (frames) birle\u015ftirerek sinyal\/g\u00fcr\u00fclt\u00fc oran\u0131n\u0131 art\u0131rma.<\/li>\n\n\n\n<li class=\"has-luminous-vivid-amber-color has-text-color has-link-color wp-elements-3b7bdde9e23171ad673240f4232fc772\">\ud83d\udc49 <a href=\"http:\/\/deepskystacker.free.fr\/english\/index.html\" target=\"_blank\" rel=\"noreferrer noopener\">DeepSkyStacker \u0130ndir<\/a><\/li>\n<\/ul>\n\n\n\n<ul class=\"wp-block-list\">\n<li class=\"has-palette-color-7-color has-text-color has-link-color wp-elements-b4a3d410b8359237dd8ae0b6d5c81689\">3. ASTAP (Astrometric Stacking Program)<\/li>\n\n\n\n<li class=\"has-palette-color-7-color has-text-color has-link-color wp-elements-72b02c8b629ecfe852c8c00b9ea47484\">Hem \u00e7ok h\u0131zl\u0131 bir istifleme motoru hem de d\u00fcnyan\u0131n en iyi &#8220;Plate Solving&#8221; (g\u00f6r\u00fcnt\u00fc \u00e7\u00f6z\u00fcmleme) yaz\u0131l\u0131mlar\u0131ndan biridir.<\/li>\n\n\n\n<li class=\"has-palette-color-7-color has-text-color has-link-color wp-elements-712702cf9de439e29efb469592639ff9\"><strong>Kullan\u0131m:<\/strong> G\u00f6r\u00fcnt\u00fc analizi, y\u0131ld\u0131z say\u0131m\u0131 ve hassas hizalama.<\/li>\n\n\n\n<li class=\"has-luminous-vivid-amber-color has-text-color has-link-color wp-elements-e90de0594be8ec5b69b6ee18b560d440\">\ud83d\udc49 <a href=\"https:\/\/www.hnsky.org\/astap.htm\" target=\"_blank\" rel=\"noreferrer noopener\">ASTAP \u0130ndir<\/a><\/li>\n<\/ul>\n\n\n\n<ul class=\"wp-block-list\">\n<li class=\"has-palette-color-7-color has-text-color has-link-color wp-elements-10f26460fbdc402ee4151d62237da5a2\">4. Stellarium (The Virtual Planetarium)<\/li>\n\n\n\n<li class=\"has-palette-color-7-color has-text-color has-link-color wp-elements-0dc7fce25e22e92b816e4c7d446ac64f\">G\u00f6zlem gecesini planlamadan \u00f6nce balkonumun a\u00e7\u0131s\u0131na g\u00f6re hangi objenin nerede oldu\u011funu g\u00f6rmemi sa\u011flayan dijital g\u00f6ky\u00fcz\u00fc haritas\u0131.<\/li>\n\n\n\n<li class=\"has-palette-color-7-color has-text-color has-link-color wp-elements-e22d0e9b544cc1f2b28ae6e04f6fb120\"><strong>Kullan\u0131m:<\/strong> Hedef se\u00e7imi ve g\u00f6ky\u00fcz\u00fc sim\u00fclasyonu.<\/li>\n\n\n\n<li>\ud83d\udc49 <a href=\"https:\/\/stellarium.org\/\" target=\"_blank\" rel=\"noreferrer noopener\">Stellarium \u0130ndir<\/a><\/li>\n<\/ul>\n\n\n\n<ul class=\"wp-block-list\">\n<li>5. GraXpert (Gradient Removal)<\/li>\n\n\n\n<li class=\"has-palette-color-7-color has-text-color has-link-color wp-elements-ecf300d5ef603ea0af39e36a74ade414\">\u00d6zellikle \u0130zmir\/Kar\u015f\u0131yaka gibi \u0131\u015f\u0131k kirlili\u011finin yo\u011fun oldu\u011fu yerlerde, foto\u011fraftaki o istenmeyen sar\u0131\/turuncu \u0131\u015f\u0131k pusunu temizlemek i\u00e7in sihirli bir ara\u00e7t\u0131r.<\/li>\n\n\n\n<li class=\"has-palette-color-7-color has-text-color has-link-color wp-elements-771d2bf903d88f6ac2ebba242c60c869\"><strong>Kullan\u0131m:<\/strong> Yapay zeka destekli arka plan temizleme.<\/li>\n\n\n\n<li>\ud83d\udc49 <a href=\"https:\/\/www.graxpert.com\/\" target=\"_blank\" rel=\"noreferrer noopener\">GraXpert \u0130ndir<\/a><\/li>\n<\/ul>\n\n\n\n<p><\/p>\n","protected":false},"excerpt":{"rendered":"","protected":false},"author":1,"featured_media":0,"parent":0,"menu_order":0,"comment_status":"closed","ping_status":"closed","template":"","meta":{"footnotes":""},"class_list":["post-402","page","type-page","status-publish","hentry"],"blocksy_meta":[],"_links":{"self":[{"href":"https:\/\/balcony.digital\/index.php\/wp-json\/wp\/v2\/pages\/402","targetHints":{"allow":["GET"]}}],"collection":[{"href":"https:\/\/balcony.digital\/index.php\/wp-json\/wp\/v2\/pages"}],"about":[{"href":"https:\/\/balcony.digital\/index.php\/wp-json\/wp\/v2\/types\/page"}],"author":[{"embeddable":true,"href":"https:\/\/balcony.digital\/index.php\/wp-json\/wp\/v2\/users\/1"}],"replies":[{"embeddable":true,"href":"https:\/\/balcony.digital\/index.php\/wp-json\/wp\/v2\/comments?post=402"}],"version-history":[{"count":1,"href":"https:\/\/balcony.digital\/index.php\/wp-json\/wp\/v2\/pages\/402\/revisions"}],"predecessor-version":[{"id":404,"href":"https:\/\/balcony.digital\/index.php\/wp-json\/wp\/v2\/pages\/402\/revisions\/404"}],"wp:attachment":[{"href":"https:\/\/balcony.digital\/index.php\/wp-json\/wp\/v2\/media?parent=402"}],"curies":[{"name":"wp","href":"https:\/\/api.w.org\/{rel}","templated":true}]}}