{"id":497,"date":"2026-03-12T08:16:35","date_gmt":"2026-03-12T08:16:35","guid":{"rendered":"https:\/\/balcony.digital\/?page_id=497"},"modified":"2026-03-12T08:16:36","modified_gmt":"2026-03-12T08:16:36","slug":"kit-de-herramientas","status":"publish","type":"page","link":"https:\/\/balcony.digital\/index.php\/es\/kit-de-herramientas\/","title":{"rendered":"Kit de herramientas"},"content":{"rendered":"\n<ul class=\"wp-block-list has-white-color has-text-color has-link-color wp-elements-69a66508f474e4f5bdf0fe71bd1f44c2\">\n<li class=\"has-palette-color-7-color has-text-color has-link-color wp-elements-7496368c943836204a8869da68177812\">1. Flujo De Proceso (Cielo Profundo)<\/li>\n\n\n\n<li class=\"has-palette-color-7-color has-text-color has-link-color wp-elements-d22ad572db3baa6349d5cde13e969bb2\">EAA es el m\u00e1s poderoso y el espacio profundo es una herramienta gratuita para la fotograf\u00eda. Seestar S50calibre de archivos fits y stacking (apilamiento) son inmejorables.<\/li>\n\n\n\n<li><strong>Uso:<\/strong> tratamiento de imagen, la calibraci\u00f3n del color, y la correcci\u00f3n de fondo.<\/li>\n\n\n\n<li class=\"has-luminous-vivid-amber-color has-text-color has-link-color wp-elements-6bb9f433964b84585e652d752443f59d\">\ud83d\udc49 <a href=\"https:\/\/siril.org\/download\/\" target=\"_blank\" rel=\"noreferrer noopener\">Descargar Stream<\/a><\/li>\n<\/ul>\n\n\n\n<ul class=\"wp-block-list has-white-color has-text-color has-link-color wp-elements-fa3ae189d68fad701c1c9aee82fccb9b\">\n<li>2. DeepSkyStacker (DSS)<\/li>\n\n\n\n<li>El tiempo-honrado, el m\u00e1s sencillo y eficaz para el uso de software de apilamiento. Si desea combinar miles sin tener que lidiar con situaciones complejas tramas es ideal.<\/li>\n\n\n\n<li><strong>Uso:<\/strong> m\u00e1s de un frame (marco) mediante la combinaci\u00f3n de la relaci\u00f3n se\u00f1al\/ruido aumento.<\/li>\n\n\n\n<li class=\"has-luminous-vivid-amber-color has-text-color has-link-color wp-elements-1ca20a0370767b2d4d8f38edde2e411a\">\ud83d\udc49 <a href=\"http:\/\/deepskystacker.free.fr\/english\/index.html\" target=\"_blank\" rel=\"noreferrer noopener\">Descargar El DeepSkyStacker<\/a><\/li>\n<\/ul>\n\n\n\n<ul class=\"wp-block-list\">\n<li class=\"has-palette-color-7-color has-text-color has-link-color wp-elements-0c34bb7d6d06667885744f4f0fe4b7cd\">3. ASTAP (Apilamiento Programa, Astrom\u00e9tricas)<\/li>\n\n\n\n<li class=\"has-palette-color-7-color has-text-color has-link-color wp-elements-84f81739ece2fba3decb5c45463ec298\">Lo mejor de ambos mundos apilamiento muy r\u00e1pido motor &#8216;de la Placa de Problemas&#8217; (an\u00e1lisis de imagen) es uno de los software.<\/li>\n\n\n\n<li class=\"has-palette-color-7-color has-text-color has-link-color wp-elements-2696d13fc8f37398daa5832d2a1dfe98\"><strong>Uso:<\/strong> an\u00e1lisis de la imagen, la precisi\u00f3n de alineaci\u00f3n y contar las estrellas.<\/li>\n\n\n\n<li class=\"has-luminous-vivid-amber-color has-text-color has-link-color wp-elements-741e9039a7f0ebb6e3fce349daa2954f\">\ud83d\udc49 <a href=\"https:\/\/www.hnsky.org\/astap.htm\" target=\"_blank\" rel=\"noreferrer noopener\">Descargar ASTAP<\/a><\/li>\n<\/ul>\n\n\n\n<ul class=\"wp-block-list\">\n<li class=\"has-palette-color-7-color has-text-color has-link-color wp-elements-9664d4d634afe9d08ce5734aecbadeee\">4. Stellarium (Planetario Virtual)<\/li>\n\n\n\n<li class=\"has-palette-color-7-color has-text-color has-link-color wp-elements-9f82492eaad88474859e5a0187a48216\">Seg\u00fan el \u00e1ngulo de observaci\u00f3n en el que el objeto es antes de la planificaci\u00f3n de la noche desde mi balc\u00f3n que permite ver en digital sky map.<\/li>\n\n\n\n<li class=\"has-palette-color-7-color has-text-color has-link-color wp-elements-f1eab97aea38fd608d30568615cbd993\"><strong>Uso:<\/strong> selecci\u00f3n de objetivos y simular el cielo.<\/li>\n\n\n\n<li>\ud83d\udc49 <a href=\"https:\/\/stellarium.org\/\" target=\"_blank\" rel=\"noreferrer noopener\">Descargar Stellarium<\/a><\/li>\n<\/ul>\n\n\n\n<ul class=\"wp-block-list\">\n<li>5. GraXpert (Gradiente De Eliminaci\u00f3n)<\/li>\n\n\n\n<li class=\"has-palette-color-7-color has-text-color has-link-color wp-elements-3a09078d5d68583df3b33098c3b60209\">Especialmente Izmir\/Karsiyaka como en los lugares donde no hay contaminaci\u00f3n lum\u00ednica en la foto de los no deseados amarillo\/naranja de la luz de la magia es una herramienta para despejar la niebla.<\/li>\n\n\n\n<li class=\"has-palette-color-7-color has-text-color has-link-color wp-elements-75eb50c6c6f23bdeb865a7f8fa986c52\"><strong>Usuario:<\/strong> inteligencia artificial asistida eliminaci\u00f3n de fondo.<\/li>\n\n\n\n<li>\ud83d\udc49 <a href=\"https:\/\/www.graxpert.com\/\" target=\"_blank\" rel=\"noreferrer noopener\">Descargar GraXpert<\/a><\/li>\n<\/ul>\n\n\n\n<p><\/p>\n","protected":false},"excerpt":{"rendered":"","protected":false},"author":1,"featured_media":0,"parent":0,"menu_order":0,"comment_status":"closed","ping_status":"closed","template":"","meta":{"footnotes":""},"class_list":["post-497","page","type-page","status-publish","hentry"],"blocksy_meta":[],"_links":{"self":[{"href":"https:\/\/balcony.digital\/index.php\/wp-json\/wp\/v2\/pages\/497","targetHints":{"allow":["GET"]}}],"collection":[{"href":"https:\/\/balcony.digital\/index.php\/wp-json\/wp\/v2\/pages"}],"about":[{"href":"https:\/\/balcony.digital\/index.php\/wp-json\/wp\/v2\/types\/page"}],"author":[{"embeddable":true,"href":"https:\/\/balcony.digital\/index.php\/wp-json\/wp\/v2\/users\/1"}],"replies":[{"embeddable":true,"href":"https:\/\/balcony.digital\/index.php\/wp-json\/wp\/v2\/comments?post=497"}],"version-history":[{"count":1,"href":"https:\/\/balcony.digital\/index.php\/wp-json\/wp\/v2\/pages\/497\/revisions"}],"predecessor-version":[{"id":498,"href":"https:\/\/balcony.digital\/index.php\/wp-json\/wp\/v2\/pages\/497\/revisions\/498"}],"wp:attachment":[{"href":"https:\/\/balcony.digital\/index.php\/wp-json\/wp\/v2\/media?parent=497"}],"curies":[{"name":"wp","href":"https:\/\/api.w.org\/{rel}","templated":true}]}}